{"id":9,"date":"2024-01-18T09:12:33","date_gmt":"2024-01-18T08:12:33","guid":{"rendered":"https:\/\/wordpress02.gcms.verdigado.net\/porta-westfalica\/?page_id=5"},"modified":"2024-01-18T09:12:33","modified_gmt":"2024-01-18T08:12:33","slug":"startseite","status":"publish","type":"page","link":"https:\/\/gruene-porta-westfalica.de\/","title":{"rendered":"Startseite"},"content":{"rendered":"\n<div class=\"wp-block-cover is-light\" style=\"min-height:519px;aspect-ratio:unset;\"><img decoding=\"async\" class=\"wp-block-cover__image-background wp-image-382\" alt=\"\" src=\"https:\/\/sunflower-theme.de\/demo\/wp-content\/uploads\/sites\/6\/2021\/03\/matthias-oberholzer-gM5msl7rP2k-unsplash_s_crop-4.jpg\" style=\"object-position:52% 17%\" data-object-fit=\"cover\" data-object-position=\"52% 17%\"\/><span aria-hidden=\"true\" class=\"wp-block-cover__background has-background-dim-20 has-background-dim\"><\/span><div class=\"wp-block-cover__inner-container is-layout-flow wp-block-cover-is-layout-flow\">\n<h1 class=\"wp-block-heading has-text-align-center no-link has-sand-color has-text-color has-link-color wp-elements-f55193c967fae96246638bd084b98ba5\"><a href=\"\/#first-content\" data-type=\"internal\" data-id=\"#first-content\">Gemeinsam f\u00fcr ein gr\u00fcnes Porta Westfalica<\/a><\/h1>\n<\/div><\/div>\n\n\n\n<div class=\"wp-block-group is-layout-flow wp-block-group-is-layout-flow\">\n<div class=\"wp-block-columns is-layout-flex wp-container-core-columns-is-layout-9d6595d7 wp-block-columns-is-layout-flex\">\n<div class=\"wp-block-column is-layout-flow wp-block-column-is-layout-flow\">\n<h2 class=\"wp-block-heading h1\" id=\"first-content\">Herzlich<br>willkommen<\/h2>\n\n\n\n<h3 class=\"wp-block-heading h4\">bei den GR\u00dcNEN <p>Porta Westfalica.<\/p><\/h3>\n<\/div>\n\n\n\n<div class=\"wp-block-column is-layout-flow wp-block-column-is-layout-flow\">\n<p>Wir lieben Porta Westfalica \u2013 und als Ortsverband der Gr\u00fcnen setzen wir uns daf\u00fcr ein, unsere Stadt nachhaltig, lebenswert und zukunftsorientiert zu gestalten.<\/p>\n\n\n\n<p>Wir stehen f\u00fcr frische Ideen, pragmatische L\u00f6sungen und ein Engagement, das ganz nah bei den Menschen in Porta Westfalica ist. Dabei geht es uns nicht nur um gro\u00dfe Projekte, sondern auch um die kleinen Ver\u00e4nderungen, die den Alltag lebenswerter machen.<\/p>\n\n\n\n<p><strong>F\u00fcr ein gr\u00fcneres, lebenswerteres Porta Westfalica \u2013 packen wir\u2019s an!<\/strong><\/p>\n<\/div>\n<\/div>\n<\/div>\n\n\n\n<h2 class=\"wp-block-heading has-text-align-center has-klee-700-color has-text-color has-link-color has-x-large-font-size wp-elements-f142751375f6c95c4d3cff765163971a\">News<\/h2>\n\n\n<div class=\"has-background latest-posts wp-block-sunflower-latest-posts\">\n        <div class=\"wp-block-group__inner-container\">\n            \n                <div class=\"row\" data-masonry='{\"percentPosition\": true }'><div class=\"col-md-6\">\n<article id=\"post-868\" class=\"bg-white mb-4 has-shadow post-868 post type-post status-publish format-standard has-post-thumbnail hentry category-allgemein\">\n\t<div class=\"\">\n\t\t\t\t\t<div class=\"\">\n\t\t\t\t<a href=\"https:\/\/gruene-porta-westfalica.de\/?p=868\" aria-label=\"Post Thumbnail\" rel=\"bookmark\">\n\t\t\t\t\t\t\t\t<img loading=\"lazy\" decoding=\"async\" width=\"768\" height=\"768\" src=\"https:\/\/gruene-porta-westfalica.de\/wp-content\/uploads\/2026\/03\/sharepic-4-768x768.png\" class=\"post-thumbnail wp-post-image\" alt=\"Erfolgreicher Auftakt: Unser erstes Strategietreffen und die Gr\u00fcndung neuer Arbeitsgruppen\" \/>\n\n\t\t\t\t\t\t\t<\/a>\n\t\t\t<\/div>\n\t\t\t\t\t<div class=\"p-45\">\n\t\t\t<header class=\"entry-header mb-2\">\n\t\t\t\t\t\t\t\t<h2 class=\"card-title h4 mb-3\"><a href=\"https:\/\/gruene-porta-westfalica.de\/?p=868\" rel=\"bookmark\">Erfolgreicher Auftakt: Unser erstes Strategietreffen und die Gr\u00fcndung neuer Arbeitsgruppen<\/a><\/h2>\t\t\t\t\t<div class=\"entry-meta mb-3\">\n\t\t\t\t\t\t<span class=\"posted-on\"><time class=\"entry-date published updated\" datetime=\"2026-03-22T16:26:14+01:00\">22. M\u00e4rz 2026<\/time><\/span>\t\t\t\t\t<\/div><!-- .entry-meta -->\n\t\t\t\t\t\t\t\t<\/header><!-- .entry-header -->\n\n\t\t\t<div class=\"entry-content\">\n\t\t\t\t<a href=\"https:\/\/gruene-porta-westfalica.de\/?p=868\" rel=\"bookmark\">\n\t\t\t\t<p>Am vergangenen Wochenende fand unser lang ersehntes Kickoff-Event statt, das den Startschuss f\u00fcr unser erstes Strategietreffen als Fraktion der Gr\u00fcnen Porta Westfalica markierte. Trotz unserer \u00fcberschaubaren Fraktionsgr\u00f6\u00dfe konnten wir eine [&hellip;]<\/p>\n\t\t\t\t<\/a>\n\t\t\t<\/div><!-- .entry-content -->\n\n\t\t\t<footer class=\"entry-footer\">\n\t\t\t\t\t\t\t<div class=\"d-flex mt-2 mb-2\">\n\t\t\t\t\t\t\t\t<div>\n\t\t<span class=\"cat-links small\"><a href=\"https:\/\/gruene-porta-westfalica.de\/?cat=1\" rel=\"category\">Allgemein<\/a><\/span>\n\t\t\t\t<\/div>\n\t\t\t<\/div>\n\t\t\n\t\t\t\t<div class=\"d-flex flex-row-reverse\">\n\t\t\t\t\t<a href=\"https:\/\/gruene-porta-westfalica.de\/?p=868\" rel=\"bookmark\" class=\"continue-reading\">\n\t\t\t\t\tweiterlesen\t\t\t\t<\/a>\n\t\t\t\t<\/div>\n\t\t\t<\/footer><!-- .entry-footer -->\n\t\t<\/div>\n\t<\/div>\n<\/article><!-- #post-868 -->\n<\/div><div class=\"col-md-6\">\n<article id=\"post-864\" class=\"bg-white mb-4 has-shadow post-864 post type-post status-publish format-standard has-post-thumbnail hentry category-allgemein\">\n\t<div class=\"\">\n\t\t\t\t\t<div class=\"\">\n\t\t\t\t<a href=\"https:\/\/gruene-porta-westfalica.de\/?p=864\" aria-label=\"Post Thumbnail\" rel=\"bookmark\">\n\t\t\t\t\t\t\t\t<img loading=\"lazy\" decoding=\"async\" width=\"768\" height=\"415\" src=\"https:\/\/gruene-porta-westfalica.de\/wp-content\/uploads\/2025\/05\/cropped-portawestfalica-768x415.png\" class=\"post-thumbnail wp-post-image\" alt=\"Ver\u00e4nderung in unserer Ratsfraktion\" \/>\n\n\t\t\t\t\t\t\t<\/a>\n\t\t\t<\/div>\n\t\t\t\t\t<div class=\"p-45\">\n\t\t\t<header class=\"entry-header mb-2\">\n\t\t\t\t\t\t\t\t<h2 class=\"card-title h4 mb-3\"><a href=\"https:\/\/gruene-porta-westfalica.de\/?p=864\" rel=\"bookmark\">Ver\u00e4nderung in unserer Ratsfraktion<\/a><\/h2>\t\t\t\t\t<div class=\"entry-meta mb-3\">\n\t\t\t\t\t\t<span class=\"posted-on\"><time class=\"entry-date published updated\" datetime=\"2026-03-02T23:43:30+01:00\">2. M\u00e4rz 2026<\/time><\/span>\t\t\t\t\t<\/div><!-- .entry-meta -->\n\t\t\t\t\t\t\t\t<\/header><!-- .entry-header -->\n\n\t\t\t<div class=\"entry-content\">\n\t\t\t\t<a href=\"https:\/\/gruene-porta-westfalica.de\/?p=864\" rel=\"bookmark\">\n\t\t\t\t<p>Die Fraktion von B\u00fcndnis 90\/Die Gr\u00fcnen im Rat der Stadt Porta Westfalica verliert ein Ratsmitglied: Anne B\u00f6sche hat die Fraktion mit sofortiger Wirkung verlassen. Wie der Stadtverband mitteilt, erfolgt der [&hellip;]<\/p>\n\t\t\t\t<\/a>\n\t\t\t<\/div><!-- .entry-content -->\n\n\t\t\t<footer class=\"entry-footer\">\n\t\t\t\t\t\t\t<div class=\"d-flex mt-2 mb-2\">\n\t\t\t\t\t\t\t\t<div>\n\t\t<span class=\"cat-links small\"><a href=\"https:\/\/gruene-porta-westfalica.de\/?cat=1\" rel=\"category\">Allgemein<\/a><\/span>\n\t\t\t\t<\/div>\n\t\t\t<\/div>\n\t\t\n\t\t\t\t<div class=\"d-flex flex-row-reverse\">\n\t\t\t\t\t<a href=\"https:\/\/gruene-porta-westfalica.de\/?p=864\" rel=\"bookmark\" class=\"continue-reading\">\n\t\t\t\t\tweiterlesen\t\t\t\t<\/a>\n\t\t\t\t<\/div>\n\t\t\t<\/footer><!-- .entry-footer -->\n\t\t<\/div>\n\t<\/div>\n<\/article><!-- #post-864 -->\n<\/div><div class=\"col-md-6\">\n<article id=\"post-857\" class=\"bg-white mb-4 has-shadow post-857 post type-post status-publish format-standard has-post-thumbnail hentry category-antraege\">\n\t<div class=\"\">\n\t\t\t\t\t<div class=\"\">\n\t\t\t\t<a href=\"https:\/\/gruene-porta-westfalica.de\/?p=857\" aria-label=\"Post Thumbnail\" rel=\"bookmark\">\n\t\t\t\t\t\t\t\t<img loading=\"lazy\" decoding=\"async\" width=\"768\" height=\"402\" src=\"https:\/\/gruene-porta-westfalica.de\/wp-content\/uploads\/2022\/09\/sharepic-Kopie-3-768x402.png\" class=\"post-thumbnail wp-post-image\" alt=\"Erg\u00e4nzender Einsatz eines externen technischen Rechnungspr\u00fcfers bei gr\u00f6\u00dferen kommunalen Bauvorhaben\" \/>\n\n\t\t\t\t\t\t\t<\/a>\n\t\t\t<\/div>\n\t\t\t\t\t<div class=\"p-45\">\n\t\t\t<header class=\"entry-header mb-2\">\n\t\t\t\t <div class=\"roofline mb-1\">Antrag f\u00fcr den Bauausschuss am 05.02.2026<\/div>\t\t\t\t<h2 class=\"card-title h4 mb-3\"><a href=\"https:\/\/gruene-porta-westfalica.de\/?p=857\" rel=\"bookmark\">Erg\u00e4nzender Einsatz eines externen technischen Rechnungspr\u00fcfers bei gr\u00f6\u00dferen kommunalen Bauvorhaben<\/a><\/h2>\t\t\t\t\t<div class=\"entry-meta mb-3\">\n\t\t\t\t\t\t<span class=\"posted-on\"><time class=\"entry-date published updated\" datetime=\"2026-02-05T17:00:00+01:00\">5. Februar 2026<\/time><\/span>\t\t\t\t\t<\/div><!-- .entry-meta -->\n\t\t\t\t\t\t\t\t<\/header><!-- .entry-header -->\n\n\t\t\t<div class=\"entry-content\">\n\t\t\t\t<a href=\"https:\/\/gruene-porta-westfalica.de\/?p=857\" rel=\"bookmark\">\n\t\t\t\t<p>Die Fraktion B\u00fcndnis 90\/Die Gr\u00fcnen beantragt: Der Bauausschuss beschlie\u00dft,\u00a0den bereits beantragten Einsatz eines externen Projektsteuerers bei gr\u00f6\u00dferen Bauvorhaben durch einen externen technischen Rechnungspr\u00fcfer zu erg\u00e4nzen. Der technische Rechnungspr\u00fcfer wird baubegleitend [&hellip;]<\/p>\n\t\t\t\t<\/a>\n\t\t\t<\/div><!-- .entry-content -->\n\n\t\t\t<footer class=\"entry-footer\">\n\t\t\t\t\t\t\t<div class=\"d-flex mt-2 mb-2\">\n\t\t\t\t\t\t\t\t<div>\n\t\t<span class=\"cat-links small\"><a href=\"https:\/\/gruene-porta-westfalica.de\/?cat=2\" rel=\"category\">Antr\u00e4ge<\/a><\/span>\n\t\t\t\t<\/div>\n\t\t\t<\/div>\n\t\t\n\t\t\t\t<div class=\"d-flex flex-row-reverse\">\n\t\t\t\t\t<a href=\"https:\/\/gruene-porta-westfalica.de\/?p=857\" rel=\"bookmark\" class=\"continue-reading\">\n\t\t\t\t\tweiterlesen\t\t\t\t<\/a>\n\t\t\t\t<\/div>\n\t\t\t<\/footer><!-- .entry-footer -->\n\t\t<\/div>\n\t<\/div>\n<\/article><!-- #post-857 -->\n<\/div><div class=\"col-md-6\">\n<article id=\"post-853\" class=\"bg-white mb-4 has-shadow post-853 post type-post status-publish format-standard has-post-thumbnail hentry category-allgemein\">\n\t<div class=\"\">\n\t\t\t\t\t<div class=\"\">\n\t\t\t\t<a href=\"https:\/\/gruene-porta-westfalica.de\/?p=853\" aria-label=\"Post Thumbnail\" rel=\"bookmark\">\n\t\t\t\t\t\t\t\t<img loading=\"lazy\" decoding=\"async\" width=\"768\" height=\"576\" src=\"https:\/\/gruene-porta-westfalica.de\/wp-content\/uploads\/2026\/01\/IMG_3584-scaled-1-768x576.jpg\" class=\"post-thumbnail wp-post-image\" alt=\"Gelungener Neujahrsempfang\" \/>\n\n\t\t\t\t\t\t\t<\/a>\n\t\t\t<\/div>\n\t\t\t\t\t<div class=\"p-45\">\n\t\t\t<header class=\"entry-header mb-2\">\n\t\t\t\t\t\t\t\t<h2 class=\"card-title h4 mb-3\"><a href=\"https:\/\/gruene-porta-westfalica.de\/?p=853\" rel=\"bookmark\">Gelungener Neujahrsempfang<\/a><\/h2>\t\t\t\t\t<div class=\"entry-meta mb-3\">\n\t\t\t\t\t\t<span class=\"posted-on\"><time class=\"entry-date published updated\" datetime=\"2026-01-31T21:35:39+01:00\">31. Januar 2026<\/time><\/span>\t\t\t\t\t<\/div><!-- .entry-meta -->\n\t\t\t\t\t\t\t\t<\/header><!-- .entry-header -->\n\n\t\t\t<div class=\"entry-content\">\n\t\t\t\t<a href=\"https:\/\/gruene-porta-westfalica.de\/?p=853\" rel=\"bookmark\">\n\t\t\t\t<p>Mit einem stimmungsvollen Neujahrsempfang im Dorfkrug Beckert sind wir dieses Wochenende gemeinsam ins neue Jahr gestartet. Zahlreiche Mitglieder, Freund*innen und Unterst\u00fctzer*innen kamen zusammen, um miteinander ins Gespr\u00e4ch zu kommen, zur\u00fcckzublicken [&hellip;]<\/p>\n\t\t\t\t<\/a>\n\t\t\t<\/div><!-- .entry-content -->\n\n\t\t\t<footer class=\"entry-footer\">\n\t\t\t\t\t\t\t<div class=\"d-flex mt-2 mb-2\">\n\t\t\t\t\t\t\t\t<div>\n\t\t<span class=\"cat-links small\"><a href=\"https:\/\/gruene-porta-westfalica.de\/?cat=1\" rel=\"category\">Allgemein<\/a><\/span>\n\t\t\t\t<\/div>\n\t\t\t<\/div>\n\t\t\n\t\t\t\t<div class=\"d-flex flex-row-reverse\">\n\t\t\t\t\t<a href=\"https:\/\/gruene-porta-westfalica.de\/?p=853\" rel=\"bookmark\" class=\"continue-reading\">\n\t\t\t\t\tweiterlesen\t\t\t\t<\/a>\n\t\t\t\t<\/div>\n\t\t\t<\/footer><!-- .entry-footer -->\n\t\t<\/div>\n\t<\/div>\n<\/article><!-- #post-853 -->\n<\/div><div class=\"col-md-6\">\n<article id=\"post-846\" class=\"bg-white mb-4 has-shadow post-846 post type-post status-publish format-standard has-post-thumbnail hentry category-allgemein\">\n\t<div class=\"\">\n\t\t\t\t\t<div class=\"\">\n\t\t\t\t<a href=\"https:\/\/gruene-porta-westfalica.de\/?p=846\" aria-label=\"Post Thumbnail\" rel=\"bookmark\">\n\t\t\t\t\t\t\t\t<img loading=\"lazy\" decoding=\"async\" width=\"768\" height=\"402\" src=\"https:\/\/gruene-porta-westfalica.de\/wp-content\/uploads\/2026\/01\/sharepic-21-768x402.jpg\" class=\"post-thumbnail wp-post-image\" alt=\"Stellungnahme unserer Ratsfraktion zur geplanten Bahntrasse\" \/>\n\n\t\t\t\t\t\t\t<\/a>\n\t\t\t<\/div>\n\t\t\t\t\t<div class=\"p-45\">\n\t\t\t<header class=\"entry-header mb-2\">\n\t\t\t\t <div class=\"roofline mb-1\">ICE Trasse durch Porta<\/div>\t\t\t\t<h2 class=\"card-title h4 mb-3\"><a href=\"https:\/\/gruene-porta-westfalica.de\/?p=846\" rel=\"bookmark\">Stellungnahme unserer Ratsfraktion zur geplanten Bahntrasse<\/a><\/h2>\t\t\t\t\t<div class=\"entry-meta mb-3\">\n\t\t\t\t\t\t<span class=\"posted-on\"><time class=\"entry-date published updated\" datetime=\"2026-01-28T15:47:29+01:00\">28. Januar 2026<\/time><\/span>\t\t\t\t\t<\/div><!-- .entry-meta -->\n\t\t\t\t\t\t\t\t<\/header><!-- .entry-header -->\n\n\t\t\t<div class=\"entry-content\">\n\t\t\t\t<a href=\"https:\/\/gruene-porta-westfalica.de\/?p=846\" rel=\"bookmark\">\n\t\t\t\t<p>In der Sondersitzung des Rates der Stadt Porta Westfalica zur geplanten ICE-Trasse stellte die&nbsp;Deutsche Bahn&nbsp;ihren aktuellen Planungsstand vor. Die Sitzung war von gro\u00dfem \u00f6ffentlichen Interesse gepr\u00e4gt und bot B\u00fcrger*innen wie [&hellip;]<\/p>\n\t\t\t\t<\/a>\n\t\t\t<\/div><!-- .entry-content -->\n\n\t\t\t<footer class=\"entry-footer\">\n\t\t\t\t\t\t\t<div class=\"d-flex mt-2 mb-2\">\n\t\t\t\t\t\t\t\t<div>\n\t\t<span class=\"cat-links small\"><a href=\"https:\/\/gruene-porta-westfalica.de\/?cat=1\" rel=\"category\">Allgemein<\/a><\/span>\n\t\t\t\t<\/div>\n\t\t\t<\/div>\n\t\t\n\t\t\t\t<div class=\"d-flex flex-row-reverse\">\n\t\t\t\t\t<a href=\"https:\/\/gruene-porta-westfalica.de\/?p=846\" rel=\"bookmark\" class=\"continue-reading\">\n\t\t\t\t\tweiterlesen\t\t\t\t<\/a>\n\t\t\t\t<\/div>\n\t\t\t<\/footer><!-- .entry-footer -->\n\t\t<\/div>\n\t<\/div>\n<\/article><!-- #post-846 -->\n<\/div><div class=\"col-md-6\">\n<article id=\"post-839\" class=\"bg-white mb-4 has-shadow post-839 post type-post status-publish format-standard has-post-thumbnail hentry category-allgemein\">\n\t<div class=\"\">\n\t\t\t\t\t<div class=\"\">\n\t\t\t\t<a href=\"https:\/\/gruene-porta-westfalica.de\/?p=839\" aria-label=\"Post Thumbnail\" rel=\"bookmark\">\n\t\t\t\t\t\t\t\t<img loading=\"lazy\" decoding=\"async\" width=\"768\" height=\"548\" src=\"https:\/\/gruene-porta-westfalica.de\/wp-content\/uploads\/2025\/12\/sharepic-18-768x548.jpg\" class=\"post-thumbnail wp-post-image\" alt=\"Ein Weihnachtsmotiv mit Botschaft\" \/>\n\n\t\t\t\t\t\t\t<\/a>\n\t\t\t<\/div>\n\t\t\t\t\t<div class=\"p-45\">\n\t\t\t<header class=\"entry-header mb-2\">\n\t\t\t\t\t\t\t\t<h2 class=\"card-title h4 mb-3\"><a href=\"https:\/\/gruene-porta-westfalica.de\/?p=839\" rel=\"bookmark\">Ein Weihnachtsmotiv mit Botschaft<\/a><\/h2>\t\t\t\t\t<div class=\"entry-meta mb-3\">\n\t\t\t\t\t\t<span class=\"posted-on\"><time class=\"entry-date published updated\" datetime=\"2025-12-24T12:23:42+01:00\">24. Dezember 2025<\/time><\/span>\t\t\t\t\t<\/div><!-- .entry-meta -->\n\t\t\t\t\t\t\t\t<\/header><!-- .entry-header -->\n\n\t\t\t<div class=\"entry-content\">\n\t\t\t\t<a href=\"https:\/\/gruene-porta-westfalica.de\/?p=839\" rel=\"bookmark\">\n\t\t\t\t<p>Zum Jahresende zeigen wir ein Motiv, das bewusst mit Humor arbeitet \u2013 und dennoch ernst gemeint ist. Der blaue Grinch steht sinnbildlich f\u00fcr all das, was Gemeinschaft, Ruhe und Hoffnung [&hellip;]<\/p>\n\t\t\t\t<\/a>\n\t\t\t<\/div><!-- .entry-content -->\n\n\t\t\t<footer class=\"entry-footer\">\n\t\t\t\t\t\t\t<div class=\"d-flex mt-2 mb-2\">\n\t\t\t\t\t\t\t\t<div>\n\t\t<span class=\"cat-links small\"><a href=\"https:\/\/gruene-porta-westfalica.de\/?cat=1\" rel=\"category\">Allgemein<\/a><\/span>\n\t\t\t\t<\/div>\n\t\t\t<\/div>\n\t\t\n\t\t\t\t<div class=\"d-flex flex-row-reverse\">\n\t\t\t\t\t<a href=\"https:\/\/gruene-porta-westfalica.de\/?p=839\" rel=\"bookmark\" class=\"continue-reading\">\n\t\t\t\t\tweiterlesen\t\t\t\t<\/a>\n\t\t\t\t<\/div>\n\t\t\t<\/footer><!-- .entry-footer -->\n\t\t<\/div>\n\t<\/div>\n<\/article><!-- #post-839 -->\n<\/div>\n    <a class=\"text-white no-link d-block bg-primary has-green-550-hover-background-color border-radius\" href=\"https:\/\/gruene-porta-westfalica.de?post_type=post\" rel=\"\">\n        <div class=\"p-45 row\">\n        <span class=\"continue-reading text-white text-center pt-0\">zum Blog-Archiv<\/span>\n        <\/div>\n    <\/a>\n<\/div><\/div><\/div>\n\n\n<div class=\"wp-block-group has-text-color has-background is-layout-flow wp-block-group-is-layout-flow\" style=\"color:#ffffff;background-color:#163c29\">\n<h2 class=\"wp-block-heading has-text-align-center h1\">Lust, dabei zu sein?<\/h2>\n\n\n\n<p class=\"has-text-align-center\">Porta Westfalica ist unsere Heimat \u2013 und gemeinsam k\u00f6nnen wir viel bewegen. Egal, ob du uns unterst\u00fctzen, mitdiskutieren oder einfach mehr erfahren m\u00f6chtest: Wir freuen uns auf dich!<\/p>\n\n\n\n<p><\/p>\n\n\n\n<p><\/p>\n\n\n\n<div class=\"wp-block-buttons is-horizontal is-content-justification-center is-layout-flex wp-container-core-buttons-is-layout-499968f5 wp-block-buttons-is-layout-flex\">\n<div class=\"wp-block-button\"><a class=\"wp-block-button__link wp-element-button\" href=\"\/?post_type=sunflower_event\" rel=\"\">Termine<\/a><\/div>\n\n\n\n<div class=\"wp-block-button\"><a class=\"wp-block-button__link wp-element-button\" href=\"https:\/\/gruene-porta-westfalica.de\/kontakt\/\">KoNtAkT<\/a><\/div>\n\n\n\n<div class=\"wp-block-button\"><a class=\"wp-block-button__link wp-element-button\" href=\"https:\/\/www.gruene.de\/mitglied-werden\" target=\"_blank\" rel=\"noreferrer noopener\">Mitglied werden<\/a><\/div>\n<\/div>\n<\/div>\n\n\n <div class=\"wp-block-group alignfull sunflower-has-background-dim has-text-color has-white-color has-background is-vertical is-content-justification-center is-content-justification-center is-layout-flex wp-block-group-is-layout-flex next-events \">\n                    <div class=\"wp-block-group__inner-container\">\n                        <h2 class=\"wp-block-heading has-text-align-center h1\">N\u00e4chste Termine<\/h2>\n                        <div class=\"wp-block-button text-center mb-5\"><a class=\"wp-block-button__link no-border-radius\" href=\"https:\/\/gruene-porta-westfalica.de\/?post_type=sunflower_event\" rel=\"\">Alle Termine<\/a><\/div>\n                    <div class=\"row\"><div class=\"col-12 col-md-6 mb-4\">\n\n<a href=\"https:\/\/gruene-porta-westfalica.de\/?sunflower_event=mit-den-gruenen-ins-gruene-%f0%9f%8c%bf-2\" class=\"event-card \" rel=\"bookmark\">\n<article id=\"post-844\" class=\"event has-shadow post-844 sunflower_event type-sunflower_event status-publish hentry\">\n\t<div class=\"p-4\">\n\t\t\t\t<div class=\"event-archive-meta\">\n\t\t\t<div class=\"text-uppercase small\">Sonntag<\/div>\n\t\t\t<div class=\"date\">\n\t\t\t\t<time datetime=\"2026-06-21 10:33\">\n\t\t\t\t\t21.06.2026 <span class=\"small\">10:33  Uhr<\/span>\t\t\t\t<\/time>\n\t\t\t<\/div>\n\t\t\t<div class=\"fst-italic small\">\n\t\t\t\t\t\t\t<\/div>\n\t\t<\/div>\n\n\t\t<div class=\"mt-2\">\n\t\t\t<header class=\"entry-header pt-2 pb-2\">\n\t\t\t\t<span class=\"h2\">Mit den Gr\u00fcnen ins Gr\u00fcne\u00a0\ud83c\udf3f<\/span>\t\t\t<\/header><!-- .entry-header -->\n\n\n\t\t\t<div class=\"entry-content\">\n\t\t\t\t<p>Neue Veranstaltungsreihe \u2013 Termine zum Vormerken Mit unserer neuen Reihe&nbsp;\u201eMit den Gr\u00fcnen ins Gr\u00fcne\u201c&nbsp;laden wir regelm\u00e4\u00dfig zu gemeinsamen Aktionen drau\u00dfen ein: unterwegs sein, Natur erleben, ins Gespr\u00e4ch kommen. Die Termine [&hellip;]<\/p>\n\t\t\t<\/div><!-- .entry-content -->\n\n\t\t<\/div>\n\n\t<\/div>\n<\/article><!-- #post-844 -->\n<\/a>\n<\/div><div class=\"col-12 col-md-6 mb-4\">\n\n<a href=\"https:\/\/gruene-porta-westfalica.de\/?sunflower_event=mit-den-gruenen-ins-gruene-%f0%9f%8c%bf-3\" class=\"event-card \" rel=\"bookmark\">\n<article id=\"post-845\" class=\"event has-shadow post-845 sunflower_event type-sunflower_event status-publish hentry\">\n\t<div class=\"p-4\">\n\t\t\t\t<div class=\"event-archive-meta\">\n\t\t\t<div class=\"text-uppercase small\">Sonntag<\/div>\n\t\t\t<div class=\"date\">\n\t\t\t\t<time datetime=\"2026-09-20 11:00\">\n\t\t\t\t\t20.09.2026 <span class=\"small\">11:00  Uhr<\/span>\t\t\t\t<\/time>\n\t\t\t<\/div>\n\t\t\t<div class=\"fst-italic small\">\n\t\t\t\t\t\t\t<\/div>\n\t\t<\/div>\n\n\t\t<div class=\"mt-2\">\n\t\t\t<header class=\"entry-header pt-2 pb-2\">\n\t\t\t\t<span class=\"h2\">Mit den Gr\u00fcnen ins Gr\u00fcne\u00a0\ud83c\udf3f<\/span>\t\t\t<\/header><!-- .entry-header -->\n\n\n\t\t\t<div class=\"entry-content\">\n\t\t\t\t<p>Neue Veranstaltungsreihe \u2013 Termine zum Vormerken Mit unserer neuen Reihe&nbsp;\u201eMit den Gr\u00fcnen ins Gr\u00fcne\u201c&nbsp;laden wir regelm\u00e4\u00dfig zu gemeinsamen Aktionen drau\u00dfen ein: unterwegs sein, Natur erleben, ins Gespr\u00e4ch kommen. Die Termine [&hellip;]<\/p>\n\t\t\t<\/div><!-- .entry-content -->\n\n\t\t<\/div>\n\n\t<\/div>\n<\/article><!-- #post-845 -->\n<\/a>\n<\/div><\/div><\/div><\/div>","protected":false},"excerpt":{"rendered":"<p>Herzlichwillkommen bei den GR\u00dcNEN Porta Westfalica. Wir lieben Porta Westfalica \u2013 und als Ortsverband der Gr\u00fcnen setzen wir uns daf\u00fcr ein, unsere Stadt nachhaltig, lebenswert und zukunftsorientiert zu gestalten. Wir [&hellip;]<\/p>\n","protected":false},"author":4,"featured_media":0,"parent":0,"menu_order":0,"comment_status":"closed","ping_status":"closed","template":"","meta":{"footnotes":""},"class_list":["post-9","page","type-page","status-publish","hentry"],"_links":{"self":[{"href":"https:\/\/gruene-porta-westfalica.de\/index.php?rest_route=\/wp\/v2\/pages\/9","targetHints":{"allow":["GET"]}}],"collection":[{"href":"https:\/\/gruene-porta-westfalica.de\/index.php?rest_route=\/wp\/v2\/pages"}],"about":[{"href":"https:\/\/gruene-porta-westfalica.de\/index.php?rest_route=\/wp\/v2\/types\/page"}],"author":[{"embeddable":true,"href":"https:\/\/gruene-porta-westfalica.de\/index.php?rest_route=\/wp\/v2\/users\/4"}],"replies":[{"embeddable":true,"href":"https:\/\/gruene-porta-westfalica.de\/index.php?rest_route=%2Fwp%2Fv2%2Fcomments&post=9"}],"version-history":[{"count":0,"href":"https:\/\/gruene-porta-westfalica.de\/index.php?rest_route=\/wp\/v2\/pages\/9\/revisions"}],"wp:attachment":[{"href":"https:\/\/gruene-porta-westfalica.de\/index.php?rest_route=%2Fwp%2Fv2%2Fmedia&parent=9"}],"curies":[{"name":"wp","href":"https:\/\/api.w.org\/{rel}","templated":true}]}}