{"id":561,"date":"2025-06-15T21:03:08","date_gmt":"2025-06-15T19:03:08","guid":{"rendered":"https:\/\/gruene-porta-westfalica.de\/?page_id=561"},"modified":"2025-06-15T21:03:08","modified_gmt":"2025-06-15T19:03:08","slug":"freizeit-tourismus","status":"publish","type":"page","link":"https:\/\/gruene-porta-westfalica.de\/?page_id=561","title":{"rendered":"Freizeit &amp; Tourismus"},"content":{"rendered":"\n<a id=\"#freizeit\"><\/a>\n\n\n\n<h2 class=\"wp-block-heading\">Erholen \u2013 erleben \u2013 erhalten: Porta Westfalica f\u00fcr alle Generationen<\/h2>\n\n\n\n<p>Freizeit ist Lebensqualit\u00e4t. Sie erm\u00f6glicht Erholung, Begegnung und die Teilhabe am gesellschaftlichen Miteinander. F\u00fcr uns von B\u00dcNDNIS 90\/DIE GR\u00dcNEN ist Freizeitpolitik eine zentrale kommunale Aufgabe \u2013 sie muss sozial gerecht, \u00f6kologisch verantwortungsvoll und zug\u00e4nglich f\u00fcr alle sein. Gleichzeitig birgt der sanfte Tourismus gro\u00dfe Chancen f\u00fcr unsere lokale Wirtschaft und die Attraktivit\u00e4t Porta Westfalicas. Unser Ziel ist eine Stadt, in der Freizeitangebote und touristische Potenziale nachhaltig genutzt und weiterentwickelt werden \u2013 f\u00fcr B\u00fcrger*innen ebenso wie f\u00fcr G\u00e4ste.<\/p>\n\n\n\n<p><strong>Naherholung f\u00f6rdern \u2013 f\u00fcr ein lebenswertes Porta<\/strong><\/p>\n\n\n\n<p>Die Portaner Natur- und Kulturlandschaft ist ein zentraler Bestandteil unserer Lebensqualit\u00e4t. Wir setzen uns daf\u00fcr ein, dass sie auch k\u00fcnftig f\u00fcr alle Generationen zug\u00e4nglich und erlebbar bleibt.<\/p>\n\n\n\n<p><strong>Unsere Vorhaben:<\/strong><\/p>\n\n\n\n<p>\u2022&nbsp;Verbesserung und st\u00e4rkere Beschilderung des Wanderwegenetzes, insbesondere rund um Kaiser-Wilhelm-Denkmal, Jakobsberg, Wittekindsberg und Weserbogen<\/p>\n\n\n\n<p>\u2022&nbsp;Einrichtung zus\u00e4tzlicher Naturlehr- und Erlebnispfade zur Umweltbildung f\u00fcr Kinder und Erwachsene<\/p>\n\n\n\n<p>\u2022&nbsp;Einrichtung von Begegnungsorten in der Natur, z.&nbsp;B. Hundewiesen, Grillpl\u00e4tze oder Naturspielr\u00e4ume<\/p>\n\n\n\n<p>\u2022&nbsp;Erhalt und Pflege der Weserauen als zentrales Naherholungsgebiet<\/p>\n\n\n\n<p>\u2022&nbsp;F\u00f6rderung klimaneutraler Mobilit\u00e4t in Erholungsgebieten, u.&nbsp;a. durch den Einsatz oder Erhalt eines Shuttlebusses zum Kaiser-Wilhelm-Denkmal<\/p>\n\n\n\n<p><strong>Sanften Tourismus gezielt ausbauen<\/strong><\/p>\n\n\n\n<p>Porta Westfalica profitiert vom wachsenden Trend zum regionalen Erlebnisurlaub. Unsere landschaftliche Lage an Weser, Wiehen- und Wesergebirge bietet beste Voraussetzungen \u2013 etwa f\u00fcr Rad- und Wandertourismus. Diese St\u00e4rken wollen wir weiterentwickeln, ohne Natur und Ortsbild zu \u00fcberlasten.<\/p>\n\n\n\n<p><strong>Wir setzen uns ein f\u00fcr:<\/strong><\/p>\n\n\n\n<p>\u2022&nbsp;Verbesserung und L\u00fcckenschluss des kommunalen Radwegenetzes in Anbindung an den Weserradweg<\/p>\n\n\n\n<p>\u2022&nbsp;Ausweisung offizieller Strecken f\u00fcr Mountainbiker, um Konflikte mit Wandernden und Naturschutz zu vermeiden<\/p>\n\n\n\n<p>\u2022&nbsp;klare Beschilderung und Bewerbung von Sehensw\u00fcrdigkeiten in den Ortsteilen<\/p>\n\n\n\n<p>\u2022&nbsp;F\u00f6rderung nicht-motorisierter Angebote auf der Weser wie Kanufahren, Rudern, Flo\u00dffahrten und Stand-Up-Paddling<\/p>\n\n\n\n<p>\u2022&nbsp;Einschr\u00e4nkung des Jet-Ski-Betriebs zur Entlastung von Natur, Umwelt und Anwohner*innen<\/p>\n\n\n\n<p><strong>Freizeitangebote \u2013 kostenfrei, inklusiv und lokal verankert<\/strong><\/p>\n\n\n\n<p>F\u00fcr uns steht im Zentrum, dass Portaner*innen selbst von der Vielfalt der Angebote profitieren k\u00f6nnen. Freizeitgestaltung darf keine Frage des Geldbeutels sein.<\/p>\n\n\n\n<p><strong>Wir fordern:<\/strong><\/p>\n\n\n\n<p>\u2022&nbsp;kostenfreie Nutzung von Grillpl\u00e4tzen, Badestellen, Bootsanlegern und vergleichbaren \u00f6ffentlichen Freizeitorten f\u00fcr die Portaner Bev\u00f6lkerung<\/p>\n\n\n\n<p>\u2022&nbsp;St\u00e4rkung von Vereinen, die Freizeitangebote f\u00fcr Jung und Alt&nbsp;schaffen.<\/p>\n\n\n\n<p>\u2022&nbsp;Unterst\u00fctzung lokaler Anbieter, die Natur, Bewegung und Bildung miteinander verbinden \u2013 etwa Natur- und Landschaftsf\u00fchrer<\/p>\n\n\n\n<p><strong>Kultur- und Veranstaltungslandschaft sichern<\/strong><\/p>\n\n\n\n<p>Kultur geh\u00f6rt f\u00fcr uns zum Selbstverst\u00e4ndnis einer lebendigen Stadt. Sie st\u00e4rkt das soziale Miteinander und schafft identit\u00e4tsstiftende Erlebnisse \u2013 auch im l\u00e4ndlichen Raum.<\/p>\n\n\n\n<p><strong>Wir setzen uns ein f\u00fcr:<\/strong><\/p>\n\n\n\n<p>\u2022&nbsp;Erhalt und dauerhafte Unterst\u00fctzung des Festivals \u201eUmsonst und Drau\u00dfen\u201c als \u00fcberregionales Kulturereignis mit rund 20.000 Besucher*innen<\/p>\n\n\n\n<p>\u2022&nbsp;Sicherstellung der Durchf\u00fchrung des j\u00e4hrlichen Stadtfestes<\/p>\n\n\n\n<p>\u2022&nbsp;F\u00f6rderung des Stadtkulturrings und der ehrenamtlich getragenen Kulturarbeit<\/p>\n\n\n\n<p>\u2022&nbsp;Erhalt und \u00f6ffentliche Unterst\u00fctzung der Portaner M\u00fchlen als kulturhistorische und touristische Anziehungspunkte<\/p>\n\n\n\n<p><strong>Unser Ziel:<\/strong><\/p>\n\n\n\n<p>Ein Porta Westfalica, das Freizeit und Tourismus mit Natur-, Kultur- und Lebensqualit\u00e4t verbindet \u2013 f\u00fcr die Menschen, die hier leben, und f\u00fcr alle, die zu Besuch kommen.<\/p>\n","protected":false},"excerpt":{"rendered":"<p>Erholen \u2013 erleben \u2013 erhalten: Porta Westfalica f\u00fcr alle Generationen Freizeit ist Lebensqualit\u00e4t. Sie erm\u00f6glicht Erholung, Begegnung und die Teilhabe am gesellschaftlichen Miteinander. F\u00fcr uns von B\u00dcNDNIS 90\/DIE GR\u00dcNEN ist [&hellip;]<\/p>\n","protected":false},"author":2,"featured_media":512,"parent":491,"menu_order":0,"comment_status":"closed","ping_status":"closed","template":"","meta":{"footnotes":""},"class_list":["post-561","page","type-page","status-publish","has-post-thumbnail","hentry"],"_links":{"self":[{"href":"https:\/\/gruene-porta-westfalica.de\/index.php?rest_route=\/wp\/v2\/pages\/561","targetHints":{"allow":["GET"]}}],"collection":[{"href":"https:\/\/gruene-porta-westfalica.de\/index.php?rest_route=\/wp\/v2\/pages"}],"about":[{"href":"https:\/\/gruene-porta-westfalica.de\/index.php?rest_route=\/wp\/v2\/types\/page"}],"author":[{"embeddable":true,"href":"https:\/\/gruene-porta-westfalica.de\/index.php?rest_route=\/wp\/v2\/users\/2"}],"replies":[{"embeddable":true,"href":"https:\/\/gruene-porta-westfalica.de\/index.php?rest_route=%2Fwp%2Fv2%2Fcomments&post=561"}],"version-history":[{"count":0,"href":"https:\/\/gruene-porta-westfalica.de\/index.php?rest_route=\/wp\/v2\/pages\/561\/revisions"}],"up":[{"embeddable":true,"href":"https:\/\/gruene-porta-westfalica.de\/index.php?rest_route=\/wp\/v2\/pages\/491"}],"wp:featuredmedia":[{"embeddable":true,"href":"https:\/\/gruene-porta-westfalica.de\/index.php?rest_route=\/wp\/v2\/media\/512"}],"wp:attachment":[{"href":"https:\/\/gruene-porta-westfalica.de\/index.php?rest_route=%2Fwp%2Fv2%2Fmedia&parent=561"}],"curies":[{"name":"wp","href":"https:\/\/api.w.org\/{rel}","templated":true}]}}